{"id":13895,"date":"2014-10-30T08:23:37","date_gmt":"2014-10-30T07:23:37","guid":{"rendered":"http:\/\/blog-corbeil-essonnes.fr\/WordPress3\/?page_id=13895"},"modified":"2014-10-30T08:23:37","modified_gmt":"2014-10-30T07:23:37","slug":"infos-pratiques","status":"publish","type":"page","link":"https:\/\/blog-corbeil-essonnes.fr\/WordPress3\/infos-pratiques\/","title":{"rendered":"Infos pratiques"},"content":{"rendered":"<p>Jours de March\u00e9 \u00e0 Corbeil-Essonnes :<\/p>\n<p>March\u00e9 central, place du Comte Haymon : mardi, vendredi et dimanche matin<\/p>\n<p>March\u00e9 d&rsquo;Essonnes, place d&rsquo;Essonnes : jeudi et dimanche matin<\/p>\n<p>March\u00e9 des Tarter\u00eats, place Nicolas Tarter\u00eats : mercredi et samedi matin<\/p>\n<p>&nbsp;<\/p>\n<p>Quelques sites et adresses utiles:<\/p>\n<p>&nbsp;<\/p>\n<p>Mairie de Corbeil-Essonnes\u00a0 2 Place Galignani 91100 Corbeil-Essonnes http:\/\/www.corbeil-Essonnes.com<\/p>\n<p>&nbsp;<\/p>\n<p>Agglom\u00e9ration Seine Essonne : Rond Point de la demi-Lune RN7 91 830 Le Coudray-Montceaux<\/p>\n<p>&nbsp;<\/p>\n<p>http:\/\/www.agglo-seinessonne.fr<\/p>\n<p>&nbsp;<\/p>\n<p>Conseil g\u00e9n\u00e9ral de l&rsquo;Essonne boulevard de France 91012 Evry\u00a0 http:\/\/www.essonne.fr<\/p>\n<p>&nbsp;<\/p>\n<p>Conseil r\u00e9gional d&rsquo;Ile de France rue Barbey de Jouy 75 Paris\u00a0 http:\/\/www.iledefrance.fr<\/p>\n<p>&nbsp;<\/p>\n<p>Pr\u00e9fecture de l&rsquo;Essonne boulevard de France 91012 Evry\u00a0 http:\/\/www.essonne.pref.gouv.fr\/<\/p>\n","protected":false},"excerpt":{"rendered":"<p>Jours de March\u00e9 \u00e0 Corbeil-Essonnes : March\u00e9 central, place du Comte Haymon : mardi, vendredi et dimanche matin March\u00e9 d&rsquo;Essonnes, place d&rsquo;Essonnes : jeudi et &hellip; <\/p>\n","protected":false},"author":2,"featured_media":0,"parent":0,"menu_order":0,"comment_status":"open","ping_status":"open","template":"","meta":{"jetpack_post_was_ever_published":false},"jetpack_sharing_enabled":true,"_links":{"self":[{"href":"https:\/\/blog-corbeil-essonnes.fr\/WordPress3\/wp-json\/wp\/v2\/pages\/13895"}],"collection":[{"href":"https:\/\/blog-corbeil-essonnes.fr\/WordPress3\/wp-json\/wp\/v2\/pages"}],"about":[{"href":"https:\/\/blog-corbeil-essonnes.fr\/WordPress3\/wp-json\/wp\/v2\/types\/page"}],"author":[{"embeddable":true,"href":"https:\/\/blog-corbeil-essonnes.fr\/WordPress3\/wp-json\/wp\/v2\/users\/2"}],"replies":[{"embeddable":true,"href":"https:\/\/blog-corbeil-essonnes.fr\/WordPress3\/wp-json\/wp\/v2\/comments?post=13895"}],"version-history":[{"count":0,"href":"https:\/\/blog-corbeil-essonnes.fr\/WordPress3\/wp-json\/wp\/v2\/pages\/13895\/revisions"}],"wp:attachment":[{"href":"https:\/\/blog-corbeil-essonnes.fr\/WordPress3\/wp-json\/wp\/v2\/media?parent=13895"}],"curies":[{"name":"wp","href":"https:\/\/api.w.org\/{rel}","templated":true}]}}